{"id":925,"date":"2022-03-29T01:37:39","date_gmt":"2022-03-28T22:37:39","guid":{"rendered":"https:\/\/ipasdesign.com\/?page_id=925"},"modified":"2025-03-06T18:21:14","modified_gmt":"2025-03-06T16:21:14","slug":"yhteystiedot","status":"publish","type":"page","link":"https:\/\/ipasdesign.com\/en\/yhteystiedot\/","title":{"rendered":"Connect"},"content":{"rendered":"<div data-elementor-type=\"wp-page\" data-elementor-id=\"925\" class=\"elementor elementor-925\">\n\t\t\t\t\t\t<section class=\"elementor-section elementor-top-section elementor-element elementor-element-aba9498 elementor-section-full_width elementor-section-height-default elementor-section-height-default\" data-id=\"aba9498\" data-element_type=\"section\" data-e-type=\"section\">\n\t\t\t\t\t\t<div class=\"elementor-container elementor-column-gap-default\">\n\t\t\t\t\t<div class=\"elementor-column elementor-col-100 elementor-top-column elementor-element elementor-element-1940b8b\" data-id=\"1940b8b\" data-element_type=\"column\" data-e-type=\"column\">\n\t\t\t<div class=\"elementor-widget-wrap elementor-element-populated\">\n\t\t\t\t\t\t<div class=\"elementor-element elementor-element-3358536 elementor-widget__width-inherit elementor-widget elementor-widget-shortcode\" data-id=\"3358536\" data-element_type=\"widget\" data-e-type=\"widget\" data-widget_type=\"shortcode.default\">\n\t\t\t\t<div class=\"elementor-widget-container\">\n\t\t\t\t\t<style>.elementor-element-3358536{display:none !important}<\/style>\t\t\t\t<\/div>\n\t\t\t\t<\/div>\n\t\t\t\t\t<\/div>\n\t\t<\/div>\n\t\t\t\t\t<\/div>\n\t\t<\/section>\n\t\t\t\t<section class=\"elementor-section elementor-top-section elementor-element elementor-element-k8k09qy elementor-section-content-bottom elementor-section-boxed elementor-section-height-default elementor-section-height-default\" data-id=\"k8k09qy\" data-element_type=\"section\" data-e-type=\"section\" data-settings=\"{&quot;background_background&quot;:&quot;classic&quot;}\">\n\t\t\t\t\t\t\t<div class=\"elementor-background-overlay\"><\/div>\n\t\t\t\t\t\t\t<div class=\"elementor-container elementor-column-gap-default\">\n\t\t\t\t\t<div class=\"elementor-column elementor-col-100 elementor-top-column elementor-element elementor-element-2154236b\" data-id=\"2154236b\" data-element_type=\"column\" data-e-type=\"column\">\n\t\t\t<div class=\"elementor-widget-wrap elementor-element-populated\">\n\t\t\t\t\t\t<div class=\"elementor-element elementor-element-37de0cc elementor-widget elementor-widget-heading\" data-id=\"37de0cc\" data-element_type=\"widget\" data-e-type=\"widget\" data-widget_type=\"heading.default\">\n\t\t\t\t<div class=\"elementor-widget-container\">\n\t\t\t\t\t<h2 class=\"elementor-heading-title elementor-size-default\">Contact<\/h2>\t\t\t\t<\/div>\n\t\t\t\t<\/div>\n\t\t\t\t\t<\/div>\n\t\t<\/div>\n\t\t\t\t\t<\/div>\n\t\t<\/section>\n\t\t\t\t<section class=\"elementor-section elementor-top-section elementor-element elementor-element-9924911 elementor-section-boxed elementor-section-height-default elementor-section-height-default\" data-id=\"9924911\" data-element_type=\"section\" data-e-type=\"section\">\n\t\t\t\t\t\t<div class=\"elementor-container elementor-column-gap-default\">\n\t\t\t\t\t<div class=\"elementor-column elementor-col-100 elementor-top-column elementor-element elementor-element-dff3c0a\" data-id=\"dff3c0a\" data-element_type=\"column\" data-e-type=\"column\">\n\t\t\t<div class=\"elementor-widget-wrap elementor-element-populated\">\n\t\t\t\t\t\t<div class=\"elementor-element elementor-element-62ab2ea elementor-widget elementor-widget-heading\" data-id=\"62ab2ea\" data-element_type=\"widget\" data-e-type=\"widget\" data-widget_type=\"heading.default\">\n\t\t\t\t<div class=\"elementor-widget-container\">\n\t\t\t\t\t<h4 class=\"elementor-heading-title elementor-size-default\">You can make an appointment by emailing or calling me.<\/h4>\t\t\t\t<\/div>\n\t\t\t\t<\/div>\n\t\t\t\t<section class=\"elementor-section elementor-inner-section elementor-element elementor-element-7bd87c0 elementor-section-content-top elementor-section-boxed elementor-section-height-default elementor-section-height-default\" data-id=\"7bd87c0\" data-element_type=\"section\" data-e-type=\"section\">\n\t\t\t\t\t\t<div class=\"elementor-container elementor-column-gap-extended\">\n\t\t\t\t\t<div class=\"elementor-column elementor-col-50 elementor-inner-column elementor-element elementor-element-f6df5e9\" data-id=\"f6df5e9\" data-element_type=\"column\" data-e-type=\"column\">\n\t\t\t<div class=\"elementor-widget-wrap elementor-element-populated\">\n\t\t\t\t\t\t<div class=\"elementor-element elementor-element-5a238e49 elementor-widget elementor-widget-heading\" data-id=\"5a238e49\" data-element_type=\"widget\" data-e-type=\"widget\" data-widget_type=\"heading.default\">\n\t\t\t\t<div class=\"elementor-widget-container\">\n\t\t\t\t\t<h2 class=\"elementor-heading-title elementor-size-default\"><a href=\"#yhteystiedot\">Connect<\/a><\/h2>\t\t\t\t<\/div>\n\t\t\t\t<\/div>\n\t\t\t\t<div class=\"elementor-element elementor-element-6413bee1 elementor-widget elementor-widget-text-editor\" data-id=\"6413bee1\" data-element_type=\"widget\" data-e-type=\"widget\" data-widget_type=\"text-editor.default\">\n\t\t\t\t<div class=\"elementor-widget-container\">\n\t\t\t\t\t\t\t\t\t<p>Ipa&#8217;s Design<\/p><p>Jyv\u00e4skyl\u00e4<\/p>\t\t\t\t\t\t\t\t<\/div>\n\t\t\t\t<\/div>\n\t\t\t\t<div class=\"elementor-element elementor-element-d038c3d elementor-icon-list--layout-traditional elementor-list-item-link-full_width elementor-widget elementor-widget-icon-list\" data-id=\"d038c3d\" data-element_type=\"widget\" data-e-type=\"widget\" data-widget_type=\"icon-list.default\">\n\t\t\t\t<div class=\"elementor-widget-container\">\n\t\t\t\t\t\t\t<ul class=\"elementor-icon-list-items\">\n\t\t\t\t\t\t\t<li class=\"elementor-icon-list-item\">\n\t\t\t\t\t\t\t\t\t\t\t<a href=\"#\">\n\n\t\t\t\t\t\t\t\t\t\t\t\t<span class=\"elementor-icon-list-icon\">\n\t\t\t\t\t\t\t<i aria-hidden=\"true\" class=\"fas fa-phone\"><\/i>\t\t\t\t\t\t<\/span>\n\t\t\t\t\t\t\t\t\t\t<span class=\"elementor-icon-list-text\">Phone: +358 40 1482 822<\/span>\n\t\t\t\t\t\t\t\t\t\t\t<\/a>\n\t\t\t\t\t\t\t\t\t<\/li>\n\t\t\t\t\t\t\t\t<li class=\"elementor-icon-list-item\">\n\t\t\t\t\t\t\t\t\t\t\t<a href=\"#\">\n\n\t\t\t\t\t\t\t\t\t\t\t\t<span class=\"elementor-icon-list-icon\">\n\t\t\t\t\t\t\t<i aria-hidden=\"true\" class=\"far fa-envelope\"><\/i>\t\t\t\t\t\t<\/span>\n\t\t\t\t\t\t\t\t\t\t<span class=\"elementor-icon-list-text\">Email: ipacon.info@gmail.com<\/span>\n\t\t\t\t\t\t\t\t\t\t\t<\/a>\n\t\t\t\t\t\t\t\t\t<\/li>\n\t\t\t\t\t\t<\/ul>\n\t\t\t\t\t\t<\/div>\n\t\t\t\t<\/div>\n\t\t\t\t<div class=\"elementor-element elementor-element-ae32306 elementor-shape-circle e-grid-align-left elementor-grid-0 elementor-widget elementor-widget-social-icons\" data-id=\"ae32306\" data-element_type=\"widget\" data-e-type=\"widget\" data-widget_type=\"social-icons.default\">\n\t\t\t\t<div class=\"elementor-widget-container\">\n\t\t\t\t\t\t\t<div class=\"elementor-social-icons-wrapper elementor-grid\" role=\"list\">\n\t\t\t\t\t\t\t<span class=\"elementor-grid-item\" role=\"listitem\">\n\t\t\t\t\t<a class=\"elementor-icon elementor-social-icon elementor-social-icon-facebook-f elementor-animation-grow elementor-repeater-item-9d02684\" href=\"https:\/\/www.facebook.com\/profile.php?id=100078818265358\" target=\"_blank\">\n\t\t\t\t\t\t<span class=\"elementor-screen-only\">Facebook-f<\/span>\n\t\t\t\t\t\t<i aria-hidden=\"true\" class=\"fab fa-facebook-f\"><\/i>\t\t\t\t\t<\/a>\n\t\t\t\t<\/span>\n\t\t\t\t\t\t\t<span class=\"elementor-grid-item\" role=\"listitem\">\n\t\t\t\t\t<a class=\"elementor-icon elementor-social-icon elementor-social-icon-twitter elementor-animation-grow elementor-repeater-item-07b1945\" href=\"https:\/\/twitter.com\/Ipana07\" target=\"_blank\">\n\t\t\t\t\t\t<span class=\"elementor-screen-only\">Twitter<\/span>\n\t\t\t\t\t\t<i aria-hidden=\"true\" class=\"fab fa-twitter\"><\/i>\t\t\t\t\t<\/a>\n\t\t\t\t<\/span>\n\t\t\t\t\t\t\t<span class=\"elementor-grid-item\" role=\"listitem\">\n\t\t\t\t\t<a class=\"elementor-icon elementor-social-icon elementor-social-icon-instagram elementor-animation-grow elementor-repeater-item-deadf5e\" href=\"https:\/\/www.instagram.com\/ipasdesign_web\/\" target=\"_blank\">\n\t\t\t\t\t\t<span class=\"elementor-screen-only\">Instagram<\/span>\n\t\t\t\t\t\t<i aria-hidden=\"true\" class=\"fab fa-instagram\"><\/i>\t\t\t\t\t<\/a>\n\t\t\t\t<\/span>\n\t\t\t\t\t\t\t<span class=\"elementor-grid-item\" role=\"listitem\">\n\t\t\t\t\t<a class=\"elementor-icon elementor-social-icon elementor-social-icon-linkedin elementor-animation-grow elementor-repeater-item-e72904d\" href=\"https:\/\/www.linkedin.com\/in\/piippanen-irma-88650a152\" target=\"_blank\">\n\t\t\t\t\t\t<span class=\"elementor-screen-only\">Linkedin<\/span>\n\t\t\t\t\t\t<i aria-hidden=\"true\" class=\"fab fa-linkedin\"><\/i>\t\t\t\t\t<\/a>\n\t\t\t\t<\/span>\n\t\t\t\t\t<\/div>\n\t\t\t\t\t\t<\/div>\n\t\t\t\t<\/div>\n\t\t\t\t\t<\/div>\n\t\t<\/div>\n\t\t\t\t<div class=\"elementor-column elementor-col-50 elementor-inner-column elementor-element elementor-element-36ed5776\" data-id=\"36ed5776\" data-element_type=\"column\" data-e-type=\"column\" data-settings=\"{&quot;background_background&quot;:&quot;classic&quot;}\">\n\t\t\t<div class=\"elementor-widget-wrap elementor-element-populated\">\n\t\t\t\t\t\t<div class=\"elementor-element elementor-element-142761f4 elementor-widget elementor-widget-heading\" data-id=\"142761f4\" data-element_type=\"widget\" data-e-type=\"widget\" data-widget_type=\"heading.default\">\n\t\t\t\t<div class=\"elementor-widget-container\">\n\t\t\t\t\t<h2 class=\"elementor-heading-title elementor-size-default\">Do you have questions?<\/h2>\t\t\t\t<\/div>\n\t\t\t\t<\/div>\n\t\t\t\t<div class=\"elementor-element elementor-element-2cfe0c9f elementor-widget elementor-widget-text-editor\" data-id=\"2cfe0c9f\" data-element_type=\"widget\" data-e-type=\"widget\" data-widget_type=\"text-editor.default\">\n\t\t\t\t<div class=\"elementor-widget-container\">\n\t\t\t\t\t\t\t\t\t<p>You can call or email me.\u00a0<\/p>\t\t\t\t\t\t\t\t<\/div>\n\t\t\t\t<\/div>\n\t\t\t\t<div class=\"elementor-element elementor-element-8e56b43 elementor-widget elementor-widget-text-editor\" data-id=\"8e56b43\" data-element_type=\"widget\" data-e-type=\"widget\" data-widget_type=\"text-editor.default\">\n\t\t\t\t<div class=\"elementor-widget-container\">\n\t\t\t\t\t\t\t\t\t<p>I can be reached by phone on weekdays Mon-Fri at. 9.00 am - 5 pm. I will answer e-mails on weekdays.<\/p>\t\t\t\t\t\t\t\t<\/div>\n\t\t\t\t<\/div>\n\t\t\t\t\t<\/div>\n\t\t<\/div>\n\t\t\t\t\t<\/div>\n\t\t<\/section>\n\t\t\t\t\t<\/div>\n\t\t<\/div>\n\t\t\t\t\t<\/div>\n\t\t<\/section>\n\t\t\t\t<section class=\"elementor-section elementor-top-section elementor-element elementor-element-rb15ulm elementor-section-boxed elementor-section-height-default elementor-section-height-default\" data-id=\"rb15ulm\" data-element_type=\"section\" data-e-type=\"section\">\n\t\t\t\t\t\t<div class=\"elementor-container elementor-column-gap-default\">\n\t\t\t\t\t<div class=\"elementor-column elementor-col-100 elementor-top-column elementor-element elementor-element-e03e2ae\" data-id=\"e03e2ae\" data-element_type=\"column\" data-e-type=\"column\">\n\t\t\t<div class=\"elementor-widget-wrap\">\n\t\t\t\t\t\t\t<\/div>\n\t\t<\/div>\n\t\t\t\t\t<\/div>\n\t\t<\/section>\n\t\t\t\t<\/div>","protected":false},"excerpt":{"rendered":"<p>Ota yhteytt\u00e4 Voit sopia neuvotteluajan laittamalla minulle s\u00e4hk\u00f6postia tai soittamalla. Yhteystiedot Ipa&#8217;s Design Jyv\u00e4skyl\u00e4 Phone: +358 40 1482 822 Email: ipacon.info@gmail.com Facebook-f Twitter Instagram Linkedin Onko sinulla kysytt\u00e4v\u00e4\u00e4? Voit soittaa tai l\u00e4hett\u00e4\u00e4 minulle s\u00e4hk\u00f6postia.\u00a0 Olen tavoitettavissa puhelimitse arkisin ma-pe klo. 9.00 &#8211; 17.00. S\u00e4hk\u00f6postiviesteihin vastaan arkip\u00e4ivisin.<\/p>","protected":false},"author":1,"featured_media":0,"parent":0,"menu_order":0,"comment_status":"closed","ping_status":"closed","template":"","meta":{"iawp_total_views":25,"footnotes":""},"class_list":["post-925","page","type-page","status-publish","hentry"],"yoast_head":"<!-- This site is optimized with the Yoast SEO plugin v27.3 - https:\/\/yoast.com\/product\/yoast-seo-wordpress\/ -->\n<title>Yhteystiedot - Ipa&#039;s Design<\/title>\n<meta name=\"robots\" content=\"index, follow, max-snippet:-1, max-image-preview:large, max-video-preview:-1\" \/>\n<link rel=\"canonical\" href=\"https:\/\/ipasdesign.com\/en\/yhteystiedot\/\" \/>\n<meta property=\"og:locale\" content=\"en_US\" \/>\n<meta property=\"og:type\" content=\"article\" \/>\n<meta property=\"og:title\" content=\"Yhteystiedot - Ipa&#039;s Design\" \/>\n<meta property=\"og:description\" content=\"Ota yhteytt\u00e4 Voit sopia neuvotteluajan laittamalla minulle s\u00e4hk\u00f6postia tai soittamalla. Yhteystiedot Ipa&#8217;s Design Jyv\u00e4skyl\u00e4 Phone: +358 40 1482 822 Email: ipacon.info@gmail.com Facebook-f Twitter Instagram Linkedin Onko sinulla kysytt\u00e4v\u00e4\u00e4? Voit soittaa tai l\u00e4hett\u00e4\u00e4 minulle s\u00e4hk\u00f6postia.\u00a0 Olen tavoitettavissa puhelimitse arkisin ma-pe klo. 9.00 &#8211; 17.00. S\u00e4hk\u00f6postiviesteihin vastaan arkip\u00e4ivisin.\" \/>\n<meta property=\"og:url\" content=\"https:\/\/ipasdesign.com\/en\/yhteystiedot\/\" \/>\n<meta property=\"og:site_name\" content=\"Ipa&#039;s Design\" \/>\n<meta property=\"article:publisher\" content=\"https:\/\/www.facebook.com\/Ipas-Design-110273871593000\" \/>\n<meta property=\"article:modified_time\" content=\"2025-03-06T16:21:14+00:00\" \/>\n<meta name=\"twitter:card\" content=\"summary_large_image\" \/>\n<meta name=\"twitter:label1\" content=\"Est. reading time\" \/>\n\t<meta name=\"twitter:data1\" content=\"1 minute\" \/>\n<script type=\"application\/ld+json\" class=\"yoast-schema-graph\">{\"@context\":\"https:\\\/\\\/schema.org\",\"@graph\":[{\"@type\":\"WebPage\",\"@id\":\"https:\\\/\\\/ipasdesign.com\\\/yhteystiedot\\\/\",\"url\":\"https:\\\/\\\/ipasdesign.com\\\/yhteystiedot\\\/\",\"name\":\"Yhteystiedot - Ipa&#039;s Design\",\"isPartOf\":{\"@id\":\"https:\\\/\\\/ipasdesign.com\\\/fi\\\/#website\"},\"datePublished\":\"2022-03-28T22:37:39+00:00\",\"dateModified\":\"2025-03-06T16:21:14+00:00\",\"breadcrumb\":{\"@id\":\"https:\\\/\\\/ipasdesign.com\\\/yhteystiedot\\\/#breadcrumb\"},\"inLanguage\":\"en-US\",\"potentialAction\":[{\"@type\":\"ReadAction\",\"target\":[\"https:\\\/\\\/ipasdesign.com\\\/yhteystiedot\\\/\"]}]},{\"@type\":\"BreadcrumbList\",\"@id\":\"https:\\\/\\\/ipasdesign.com\\\/yhteystiedot\\\/#breadcrumb\",\"itemListElement\":[{\"@type\":\"ListItem\",\"position\":1,\"name\":\"Etusivu\",\"item\":\"https:\\\/\\\/ipasdesign.com\\\/\"},{\"@type\":\"ListItem\",\"position\":2,\"name\":\"Yhteystiedot\"}]},{\"@type\":\"WebSite\",\"@id\":\"https:\\\/\\\/ipasdesign.com\\\/fi\\\/#website\",\"url\":\"https:\\\/\\\/ipasdesign.com\\\/fi\\\/\",\"name\":\"Ipa&#039;s Design\",\"description\":\"Monipuolista palvelua verkkoviestinn\u00e4n asiantuntijalta yritysten viestinn\u00e4n parantamiseksi.\",\"publisher\":{\"@id\":\"https:\\\/\\\/ipasdesign.com\\\/fi\\\/#organization\"},\"potentialAction\":[{\"@type\":\"SearchAction\",\"target\":{\"@type\":\"EntryPoint\",\"urlTemplate\":\"https:\\\/\\\/ipasdesign.com\\\/fi\\\/?s={search_term_string}\"},\"query-input\":{\"@type\":\"PropertyValueSpecification\",\"valueRequired\":true,\"valueName\":\"search_term_string\"}}],\"inLanguage\":\"en-US\"},{\"@type\":\"Organization\",\"@id\":\"https:\\\/\\\/ipasdesign.com\\\/fi\\\/#organization\",\"name\":\"Ipa's Design\",\"url\":\"https:\\\/\\\/ipasdesign.com\\\/fi\\\/\",\"logo\":{\"@type\":\"ImageObject\",\"inLanguage\":\"en-US\",\"@id\":\"https:\\\/\\\/ipasdesign.com\\\/fi\\\/#\\\/schema\\\/logo\\\/image\\\/\",\"url\":\"https:\\\/\\\/ipasdesign.com\\\/wp-content\\\/uploads\\\/2022\\\/03\\\/horizontal_on_white_by_logaster-1.png\",\"contentUrl\":\"https:\\\/\\\/ipasdesign.com\\\/wp-content\\\/uploads\\\/2022\\\/03\\\/horizontal_on_white_by_logaster-1.png\",\"width\":330,\"height\":150,\"caption\":\"Ipa's Design\"},\"image\":{\"@id\":\"https:\\\/\\\/ipasdesign.com\\\/fi\\\/#\\\/schema\\\/logo\\\/image\\\/\"},\"sameAs\":[\"https:\\\/\\\/www.facebook.com\\\/Ipas-Design-110273871593000\",\"https:\\\/\\\/www.instagram.com\\\/ipasdesign_web\\\/\",\"https:\\\/\\\/fi.linkedin.com\\\/in\\\/piippanen-irma-88650a152\"]}]}<\/script>\n<!-- \/ Yoast SEO plugin. -->","yoast_head_json":{"title":"Yhteystiedot - Ipa&#039;s Design","robots":{"index":"index","follow":"follow","max-snippet":"max-snippet:-1","max-image-preview":"max-image-preview:large","max-video-preview":"max-video-preview:-1"},"canonical":"https:\/\/ipasdesign.com\/en\/yhteystiedot\/","og_locale":"en_US","og_type":"article","og_title":"Yhteystiedot - Ipa&#039;s Design","og_description":"Ota yhteytt\u00e4 Voit sopia neuvotteluajan laittamalla minulle s\u00e4hk\u00f6postia tai soittamalla. Yhteystiedot Ipa&#8217;s Design Jyv\u00e4skyl\u00e4 Phone: +358 40 1482 822 Email: ipacon.info@gmail.com Facebook-f Twitter Instagram Linkedin Onko sinulla kysytt\u00e4v\u00e4\u00e4? Voit soittaa tai l\u00e4hett\u00e4\u00e4 minulle s\u00e4hk\u00f6postia.\u00a0 Olen tavoitettavissa puhelimitse arkisin ma-pe klo. 9.00 &#8211; 17.00. S\u00e4hk\u00f6postiviesteihin vastaan arkip\u00e4ivisin.","og_url":"https:\/\/ipasdesign.com\/en\/yhteystiedot\/","og_site_name":"Ipa&#039;s Design","article_publisher":"https:\/\/www.facebook.com\/Ipas-Design-110273871593000","article_modified_time":"2025-03-06T16:21:14+00:00","twitter_card":"summary_large_image","twitter_misc":{"Est. reading time":"1 minute"},"schema":{"@context":"https:\/\/schema.org","@graph":[{"@type":"WebPage","@id":"https:\/\/ipasdesign.com\/yhteystiedot\/","url":"https:\/\/ipasdesign.com\/yhteystiedot\/","name":"Yhteystiedot - Ipa&#039;s Design","isPartOf":{"@id":"https:\/\/ipasdesign.com\/fi\/#website"},"datePublished":"2022-03-28T22:37:39+00:00","dateModified":"2025-03-06T16:21:14+00:00","breadcrumb":{"@id":"https:\/\/ipasdesign.com\/yhteystiedot\/#breadcrumb"},"inLanguage":"en-US","potentialAction":[{"@type":"ReadAction","target":["https:\/\/ipasdesign.com\/yhteystiedot\/"]}]},{"@type":"BreadcrumbList","@id":"https:\/\/ipasdesign.com\/yhteystiedot\/#breadcrumb","itemListElement":[{"@type":"ListItem","position":1,"name":"Etusivu","item":"https:\/\/ipasdesign.com\/"},{"@type":"ListItem","position":2,"name":"Yhteystiedot"}]},{"@type":"WebSite","@id":"https:\/\/ipasdesign.com\/fi\/#website","url":"https:\/\/ipasdesign.com\/fi\/","name":"Ipa&#039;s Design","description":"Monipuolista palvelua verkkoviestinn\u00e4n asiantuntijalta yritysten viestinn\u00e4n parantamiseksi.","publisher":{"@id":"https:\/\/ipasdesign.com\/fi\/#organization"},"potentialAction":[{"@type":"SearchAction","target":{"@type":"EntryPoint","urlTemplate":"https:\/\/ipasdesign.com\/fi\/?s={search_term_string}"},"query-input":{"@type":"PropertyValueSpecification","valueRequired":true,"valueName":"search_term_string"}}],"inLanguage":"en-US"},{"@type":"Organization","@id":"https:\/\/ipasdesign.com\/fi\/#organization","name":"Ipa's Design","url":"https:\/\/ipasdesign.com\/fi\/","logo":{"@type":"ImageObject","inLanguage":"en-US","@id":"https:\/\/ipasdesign.com\/fi\/#\/schema\/logo\/image\/","url":"https:\/\/ipasdesign.com\/wp-content\/uploads\/2022\/03\/horizontal_on_white_by_logaster-1.png","contentUrl":"https:\/\/ipasdesign.com\/wp-content\/uploads\/2022\/03\/horizontal_on_white_by_logaster-1.png","width":330,"height":150,"caption":"Ipa's Design"},"image":{"@id":"https:\/\/ipasdesign.com\/fi\/#\/schema\/logo\/image\/"},"sameAs":["https:\/\/www.facebook.com\/Ipas-Design-110273871593000","https:\/\/www.instagram.com\/ipasdesign_web\/","https:\/\/fi.linkedin.com\/in\/piippanen-irma-88650a152"]}]}},"_links":{"self":[{"href":"https:\/\/ipasdesign.com\/en\/wp-json\/wp\/v2\/pages\/925","targetHints":{"allow":["GET"]}}],"collection":[{"href":"https:\/\/ipasdesign.com\/en\/wp-json\/wp\/v2\/pages"}],"about":[{"href":"https:\/\/ipasdesign.com\/en\/wp-json\/wp\/v2\/types\/page"}],"author":[{"embeddable":true,"href":"https:\/\/ipasdesign.com\/en\/wp-json\/wp\/v2\/users\/1"}],"replies":[{"embeddable":true,"href":"https:\/\/ipasdesign.com\/en\/wp-json\/wp\/v2\/comments?post=925"}],"version-history":[{"count":126,"href":"https:\/\/ipasdesign.com\/en\/wp-json\/wp\/v2\/pages\/925\/revisions"}],"predecessor-version":[{"id":1495,"href":"https:\/\/ipasdesign.com\/en\/wp-json\/wp\/v2\/pages\/925\/revisions\/1495"}],"wp:attachment":[{"href":"https:\/\/ipasdesign.com\/en\/wp-json\/wp\/v2\/media?parent=925"}],"curies":[{"name":"wp","href":"https:\/\/api.w.org\/{rel}","templated":true}]}}